{"id":5110,"date":"2022-01-20T14:29:41","date_gmt":"2022-01-20T13:29:41","guid":{"rendered":"https:\/\/my-digital-journey.com\/?page_id=5110"},"modified":"2026-02-18T17:29:15","modified_gmt":"2026-02-18T16:29:15","slug":"impressum","status":"publish","type":"page","link":"https:\/\/staging1.my-digital-journey.com\/de\/impressum\/","title":{"rendered":"Impressum"},"content":{"rendered":"<section data-etch-element=\"section\" class=\"content-spacing\"><div data-etch-element=\"container\">\n<h1 class=\"wp-block-heading kt-adv-heading_81aca1-ea wp-block-kadence-advancedheading\">Impressum<\/h1>\n\n<h2 class=\"wp-block-heading kt-adv-heading_a6dfb3-01 wp-block-kadence-advancedheading\">Angaben gem\u00e4\u00df \u00a7 5 TMG<\/h2>\n\n<p class=\"kt-adv-heading_7df282-a8 wp-block-kadence-advancedheading\">Marco van Baal <br>Triftstr. 210<br>47574 Goch<\/p>\n\n<h2 class=\"wp-block-heading kt-adv-heading_341850-c7 wp-block-kadence-advancedheading\">Kontakt<\/h2>\n\n<p class=\"kt-adv-heading_0bebc6-5a wp-block-kadence-advancedheading\">E-Mail: contact@my-digital-journey.com<\/p>\n\n<h2 class=\"wp-block-heading kt-adv-heading_d9d6ed-df wp-block-kadence-advancedheading\">G\u00fcltigkeit des Impressums<\/h2>\n\n<p class=\"kt-adv-heading_9d60c1-64 wp-block-kadence-advancedheading\">Dieses Impressum gilt auch f\u00fcr unsere Social-Media-Pr\u00e4senzen bei YouTube, Facebook und Instagram.<\/p>\n\n<h2 class=\"wp-block-heading kt-adv-heading_0a47bc-93 wp-block-kadence-advancedheading\">Verbraucher\u00adstreit\u00adbeilegung\/Universal\u00adschlichtungs\u00adstelle<\/h2>\n\n<p class=\"kt-adv-heading_684952-b6 wp-block-kadence-advancedheading\">Wir sind nicht bereit oder verpflichtet, an Streitbeilegungsverfahren vor einer Verbraucherschlichtungsstelle teilzunehmen.<\/p>\n\n<h2 class=\"wp-block-heading kt-adv-heading_a3ff65-d7 wp-block-kadence-advancedheading\">Haftung f\u00fcr Inhalte<\/h2>\n\n<p class=\"kt-adv-heading_42d507-c5 wp-block-kadence-advancedheading\">Als Diensteanbieter sind wir gem\u00e4\u00df \u00a7 7 Abs.1 TMG f\u00fcr eigene Inhalte auf diesen Seiten nach den allgemeinen Gesetzen verantwortlich. Nach \u00a7\u00a7 8 bis 10 TMG sind wir als Diensteanbieter jedoch nicht verpflichtet, \u00fcbermittelte oder gespeicherte fremde Informationen zu \u00fcberwachen oder nach Umst\u00e4nden zu forschen, die auf eine rechtswidrige T\u00e4tigkeit hinweisen.<\/p>\n\n<p class=\"kt-adv-heading_cd3c51-54 wp-block-kadence-advancedheading\">Verpflichtungen zur Entfernung oder Sperrung der Nutzung von Informationen nach den allgemeinen Gesetzen bleiben hiervon unber\u00fchrt. Eine diesbez\u00fcgliche Haftung ist jedoch erst ab dem Zeitpunkt der Kenntnis einer konkreten Rechtsverletzung m\u00f6glich. Bei Bekanntwerden von entsprechenden Rechtsverletzungen werden wir diese Inhalte umgehend entfernen.<\/p>\n\n<h2 class=\"wp-block-heading kt-adv-heading_19918b-fc wp-block-kadence-advancedheading\">Haftung f\u00fcr Links<\/h2>\n\n<p class=\"kt-adv-heading_43f816-8b wp-block-kadence-advancedheading\">Unser Angebot enth\u00e4lt Links zu externen Websites Dritter, auf deren Inhalte wir keinen Einfluss haben. Deshalb k\u00f6nnen wir f\u00fcr diese fremden Inhalte auch keine Gew\u00e4hr \u00fcbernehmen. F\u00fcr die Inhalte der verlinkten Seiten ist stets der jeweilige Anbieter oder Betreiber der Seiten verantwortlich. Die verlinkten Seiten wurden zum Zeitpunkt der Verlinkung auf m\u00f6gliche Rechtsverst\u00f6\u00dfe \u00fcberpr\u00fcft. Rechtswidrige Inhalte waren zum Zeitpunkt der Verlinkung nicht erkennbar.<\/p>\n\n<p class=\"kt-adv-heading_55f967-5a wp-block-kadence-advancedheading\">Eine permanente inhaltliche Kontrolle der verlinkten Seiten ist jedoch ohne konkrete Anhaltspunkte einer Rechtsverletzung nicht zumutbar. Bei Bekanntwerden von Rechtsverletzungen werden wir derartige Links umgehend entfernen.<\/p>\n\n<h2 class=\"wp-block-heading kt-adv-heading_0eae78-95 wp-block-kadence-advancedheading\">Urheberrecht<\/h2>\n\n<p class=\"kt-adv-heading_ac8001-97 wp-block-kadence-advancedheading\">Die durch die Seitenbetreiber erstellten Inhalte und Werke auf diesen Seiten unterliegen dem deutschen Urheberrecht. Die Vervielf\u00e4ltigung, Bearbeitung, Verbreitung und jede Art der Verwertung au\u00dferhalb der Grenzen des Urheberrechtes bed\u00fcrfen der schriftlichen Zustimmung des jeweiligen Autors bzw. Erstellers. Downloads und Kopien dieser Seite sind nur f\u00fcr den privaten, nicht kommerziellen Gebrauch gestattet.<\/p>\n\n<p class=\"kt-adv-heading_20d574-e7 wp-block-kadence-advancedheading\">Soweit die Inhalte auf dieser Seite nicht vom Betreiber erstellt wurden, werden die Urheberrechte Dritter beachtet. Insbesondere werden Inhalte Dritter als solche gekennzeichnet. Sollten Sie trotzdem auf eine Urheberrechtsverletzung aufmerksam werden, bitten wir um einen entsprechenden Hinweis. Bei Bekanntwerden von Rechtsverletzungen werden wir derartige Inhalte umgehend entfernen.<\/p>\n<\/div><\/section>","protected":false},"excerpt":{"rendered":"","protected":false},"author":1,"featured_media":0,"parent":0,"menu_order":0,"comment_status":"closed","ping_status":"closed","template":"","meta":{"_acf_changed":false,"_surecart_dashboard_logo_width":"180px","_surecart_dashboard_show_logo":true,"_surecart_dashboard_navigation_orders":true,"_surecart_dashboard_navigation_invoices":true,"_surecart_dashboard_navigation_subscriptions":true,"_surecart_dashboard_navigation_downloads":true,"_surecart_dashboard_navigation_billing":true,"_surecart_dashboard_navigation_account":true,"footnotes":""},"class_list":["post-5110","page","type-page","status-publish","hentry"],"acf":[],"yoast_head":"<!-- This site is optimized with the Yoast SEO plugin v27.0 - https:\/\/yoast.com\/product\/yoast-seo-wordpress\/ -->\n<title>Impressum - My Digital Journey<\/title>\n<meta name=\"robots\" content=\"noindex, follow, max-snippet:-1, max-image-preview:large, max-video-preview:-1\" \/>\n<meta property=\"og:locale\" content=\"de_DE\" \/>\n<meta property=\"og:type\" content=\"article\" \/>\n<meta property=\"og:title\" content=\"Impressum - My Digital Journey\" \/>\n<meta property=\"og:url\" content=\"https:\/\/staging1.my-digital-journey.com\/de\/impressum\/\" \/>\n<meta property=\"og:site_name\" content=\"My Digital Journey\" \/>\n<meta property=\"article:modified_time\" content=\"2026-02-18T16:29:15+00:00\" \/>\n<meta name=\"twitter:card\" content=\"summary_large_image\" \/>\n<meta name=\"twitter:label1\" content=\"Gesch\u00e4tzte Lesezeit\" \/>\n\t<meta name=\"twitter:data1\" content=\"2\u00a0Minuten\" \/>\n<script type=\"application\/ld+json\" class=\"yoast-schema-graph\">{\"@context\":\"https:\/\/schema.org\",\"@graph\":[{\"@type\":\"WebPage\",\"@id\":\"https:\/\/staging1.my-digital-journey.com\/de\/impressum\/\",\"url\":\"https:\/\/staging1.my-digital-journey.com\/de\/impressum\/\",\"name\":\"Impressum - My Digital Journey\",\"isPartOf\":{\"@id\":\"https:\/\/staging1.my-digital-journey.com\/#website\"},\"datePublished\":\"2022-01-20T13:29:41+00:00\",\"dateModified\":\"2026-02-18T16:29:15+00:00\",\"breadcrumb\":{\"@id\":\"https:\/\/staging1.my-digital-journey.com\/de\/impressum\/#breadcrumb\"},\"inLanguage\":\"de\",\"potentialAction\":[{\"@type\":\"ReadAction\",\"target\":[\"https:\/\/staging1.my-digital-journey.com\/de\/impressum\/\"]}]},{\"@type\":\"BreadcrumbList\",\"@id\":\"https:\/\/staging1.my-digital-journey.com\/de\/impressum\/#breadcrumb\",\"itemListElement\":[{\"@type\":\"ListItem\",\"position\":1,\"name\":\"Home\",\"item\":\"https:\/\/staging1.my-digital-journey.com\/de\/\"},{\"@type\":\"ListItem\",\"position\":2,\"name\":\"Impressum\"}]},{\"@type\":\"WebSite\",\"@id\":\"https:\/\/staging1.my-digital-journey.com\/#website\",\"url\":\"https:\/\/staging1.my-digital-journey.com\/\",\"name\":\"My Digital Journey\",\"description\":\"\",\"publisher\":{\"@id\":\"https:\/\/staging1.my-digital-journey.com\/#organization\"},\"potentialAction\":[{\"@type\":\"SearchAction\",\"target\":{\"@type\":\"EntryPoint\",\"urlTemplate\":\"https:\/\/staging1.my-digital-journey.com\/?s={search_term_string}\"},\"query-input\":{\"@type\":\"PropertyValueSpecification\",\"valueRequired\":true,\"valueName\":\"search_term_string\"}}],\"inLanguage\":\"de\"},{\"@type\":\"Organization\",\"@id\":\"https:\/\/staging1.my-digital-journey.com\/#organization\",\"name\":\"My Digital Journey\",\"url\":\"https:\/\/staging1.my-digital-journey.com\/\",\"logo\":{\"@type\":\"ImageObject\",\"inLanguage\":\"de\",\"@id\":\"https:\/\/staging1.my-digital-journey.com\/#\/schema\/logo\/image\/\",\"url\":\"https:\/\/staging1.my-digital-journey.com\/wp-content\/uploads\/2024\/05\/my-digital-journey-logo.svg\",\"contentUrl\":\"https:\/\/staging1.my-digital-journey.com\/wp-content\/uploads\/2024\/05\/my-digital-journey-logo.svg\",\"width\":1,\"height\":1,\"caption\":\"My Digital Journey\"},\"image\":{\"@id\":\"https:\/\/staging1.my-digital-journey.com\/#\/schema\/logo\/image\/\"}}]}<\/script>\n<!-- \/ Yoast SEO plugin. -->","yoast_head_json":{"title":"Impressum - My Digital Journey","robots":{"index":"noindex","follow":"follow","max-snippet":"max-snippet:-1","max-image-preview":"max-image-preview:large","max-video-preview":"max-video-preview:-1"},"og_locale":"de_DE","og_type":"article","og_title":"Impressum - My Digital Journey","og_url":"https:\/\/staging1.my-digital-journey.com\/de\/impressum\/","og_site_name":"My Digital Journey","article_modified_time":"2026-02-18T16:29:15+00:00","twitter_card":"summary_large_image","twitter_misc":{"Gesch\u00e4tzte Lesezeit":"2\u00a0Minuten"},"schema":{"@context":"https:\/\/schema.org","@graph":[{"@type":"WebPage","@id":"https:\/\/staging1.my-digital-journey.com\/de\/impressum\/","url":"https:\/\/staging1.my-digital-journey.com\/de\/impressum\/","name":"Impressum - My Digital Journey","isPartOf":{"@id":"https:\/\/staging1.my-digital-journey.com\/#website"},"datePublished":"2022-01-20T13:29:41+00:00","dateModified":"2026-02-18T16:29:15+00:00","breadcrumb":{"@id":"https:\/\/staging1.my-digital-journey.com\/de\/impressum\/#breadcrumb"},"inLanguage":"de","potentialAction":[{"@type":"ReadAction","target":["https:\/\/staging1.my-digital-journey.com\/de\/impressum\/"]}]},{"@type":"BreadcrumbList","@id":"https:\/\/staging1.my-digital-journey.com\/de\/impressum\/#breadcrumb","itemListElement":[{"@type":"ListItem","position":1,"name":"Home","item":"https:\/\/staging1.my-digital-journey.com\/de\/"},{"@type":"ListItem","position":2,"name":"Impressum"}]},{"@type":"WebSite","@id":"https:\/\/staging1.my-digital-journey.com\/#website","url":"https:\/\/staging1.my-digital-journey.com\/","name":"My Digital Journey","description":"","publisher":{"@id":"https:\/\/staging1.my-digital-journey.com\/#organization"},"potentialAction":[{"@type":"SearchAction","target":{"@type":"EntryPoint","urlTemplate":"https:\/\/staging1.my-digital-journey.com\/?s={search_term_string}"},"query-input":{"@type":"PropertyValueSpecification","valueRequired":true,"valueName":"search_term_string"}}],"inLanguage":"de"},{"@type":"Organization","@id":"https:\/\/staging1.my-digital-journey.com\/#organization","name":"My Digital Journey","url":"https:\/\/staging1.my-digital-journey.com\/","logo":{"@type":"ImageObject","inLanguage":"de","@id":"https:\/\/staging1.my-digital-journey.com\/#\/schema\/logo\/image\/","url":"https:\/\/staging1.my-digital-journey.com\/wp-content\/uploads\/2024\/05\/my-digital-journey-logo.svg","contentUrl":"https:\/\/staging1.my-digital-journey.com\/wp-content\/uploads\/2024\/05\/my-digital-journey-logo.svg","width":1,"height":1,"caption":"My Digital Journey"},"image":{"@id":"https:\/\/staging1.my-digital-journey.com\/#\/schema\/logo\/image\/"}}]}},"_links":{"self":[{"href":"https:\/\/staging1.my-digital-journey.com\/de\/wp-json\/wp\/v2\/pages\/5110","targetHints":{"allow":["GET"]}}],"collection":[{"href":"https:\/\/staging1.my-digital-journey.com\/de\/wp-json\/wp\/v2\/pages"}],"about":[{"href":"https:\/\/staging1.my-digital-journey.com\/de\/wp-json\/wp\/v2\/types\/page"}],"author":[{"embeddable":true,"href":"https:\/\/staging1.my-digital-journey.com\/de\/wp-json\/wp\/v2\/users\/1"}],"replies":[{"embeddable":true,"href":"https:\/\/staging1.my-digital-journey.com\/de\/wp-json\/wp\/v2\/comments?post=5110"}],"version-history":[{"count":4,"href":"https:\/\/staging1.my-digital-journey.com\/de\/wp-json\/wp\/v2\/pages\/5110\/revisions"}],"predecessor-version":[{"id":15167,"href":"https:\/\/staging1.my-digital-journey.com\/de\/wp-json\/wp\/v2\/pages\/5110\/revisions\/15167"}],"wp:attachment":[{"href":"https:\/\/staging1.my-digital-journey.com\/de\/wp-json\/wp\/v2\/media?parent=5110"}],"curies":[{"name":"wp","href":"https:\/\/api.w.org\/{rel}","templated":true}]}}