{"id":15176,"date":"2026-02-18T17:33:55","date_gmt":"2026-02-18T16:33:55","guid":{"rendered":"https:\/\/staging1.my-digital-journey.com\/?page_id=15176"},"modified":"2026-02-18T17:39:43","modified_gmt":"2026-02-18T16:39:43","slug":"widerrufsbelehrung","status":"publish","type":"page","link":"https:\/\/staging1.my-digital-journey.com\/de\/widerrufsbelehrung\/","title":{"rendered":"Widerrufsbelehrung"},"content":{"rendered":"<section data-etch-element=\"section\" class=\"content-spacing\"><div data-etch-element=\"container\">\n<h1 class=\"wp-block-heading\">Widerrufsbelehrung (Widerrufsrecht)<\/h1>\n\n<h2 class=\"wp-block-heading\">Widerrufsrecht (nur f\u00fcr Verbraucher)<\/h2>\n\n<p>Verbraucher haben das Recht, diesen Vertrag binnen vierzehn (14) Tagen ohne Angabe von Gr\u00fcnden zu widerrufen.<\/p>\n\n<p>Die Widerrufsfrist betr\u00e4gt vierzehn (14) Tage ab dem Tag des Vertragsabschlusses.<\/p>\n\n<p>Um Ihr Widerrufsrecht auszu\u00fcben, m\u00fcssen Sie uns:<\/p>\n\n<p>Marco van Baal<br>E-Mail: <strong>contact@my-digital-journey.com<\/strong><\/p>\n\n<p>mittels einer eindeutigen Erkl\u00e4rung (z. B. per E-Mail) \u00fcber Ihren Entschluss informieren, diesen Vertrag zu widerrufen.<\/p>\n\n<p>Sie k\u00f6nnen daf\u00fcr das beigef\u00fcgte Muster-Widerrufsformular verwenden, dies ist jedoch nicht vorgeschrieben.<\/p>\n\n<p>Zur Wahrung der Widerrufsfrist reicht es aus, dass Sie die Mitteilung \u00fcber die Aus\u00fcbung des Widerrufsrechts vor Ablauf der Widerrufsfrist absenden.<\/p>\n\n<h2 class=\"wp-block-heading\">Folgen des Widerrufs<\/h2>\n\n<p>Wenn Sie diesen Vertrag widerrufen, haben wir Ihnen alle Zahlungen, die wir von Ihnen erhalten haben, unverz\u00fcglich und sp\u00e4testens binnen vierzehn (14) Tagen ab dem Tag zur\u00fcckzuzahlen, an dem die Mitteilung \u00fcber Ihren Widerruf dieses Vertrags bei uns eingegangen ist.<\/p>\n\n<p>F\u00fcr diese R\u00fcckzahlung verwenden wir dasselbe Zahlungsmittel, das Sie bei der urspr\u00fcnglichen Transaktion eingesetzt haben, es sei denn, mit Ihnen wurde ausdr\u00fccklich etwas anderes vereinbart.<\/p>\n\n<p>Ihnen werden wegen dieser R\u00fcckzahlung keine Entgelte berechnet.<\/p>\n\n<h2 class=\"wp-block-heading\">Erl\u00f6schen des Widerrufsrechts bei digitalen Inhalten<\/h2>\n\n<p>Das Widerrufsrecht erlischt vorzeitig bei Vertr\u00e4gen \u00fcber die Lieferung von digitalen Inhalten, die nicht auf einem k\u00f6rperlichen Datentr\u00e4ger geliefert werden, wenn:<\/p>\n\n<ul class=\"wp-block-list\">\n<li>der Verbraucher ausdr\u00fccklich zugestimmt hat, dass der Anbieter vor Ablauf der Widerrufsfrist mit der Ausf\u00fchrung des Vertrags beginnt, und<\/li>\n\n\n\n<li>der Verbraucher seine Kenntnis davon best\u00e4tigt hat, dass er durch seine Zustimmung sein Widerrufsrecht verliert.<\/li>\n<\/ul>\n\n<p>Vor Abschluss des Kaufs muss der Kunde ausdr\u00fccklich in die sofortige Lieferung der digitalen Inhalte einwilligen und den Verlust des Widerrufsrechts best\u00e4tigen.<\/p>\n\n<p>Sind diese Voraussetzungen erf\u00fcllt, besteht kein Widerrufsrecht mehr, sobald mit der Lieferung der digitalen Inhalte begonnen wurde.<\/p>\n\n<h2 class=\"wp-block-heading\">Muster-Widerrufsformular<\/h2>\n\n<p>(Wenn Sie den Vertrag widerrufen wollen, f\u00fcllen Sie bitte dieses Formular aus und senden Sie es zur\u00fcck.)<\/p>\n\n<p>An:<br>Marco van Baal<br>E-Mail: <strong>contact@my-digital-journey.com<\/strong><\/p>\n\n<p>Hiermit widerrufe ich den von mir abgeschlossenen Vertrag \u00fcber den Kauf des folgenden digitalen Produkts:<\/p>\n\n<p>Produktname: __________________________<br>Bestellt am: __________________________<\/p>\n\n<p>Name des Verbrauchers: __________________________<br>Anschrift des Verbrauchers: __________________________<\/p>\n\n<p>Datum: __________________________<br>Unterschrift (nur bei Mitteilung auf Papier): __________________________<\/p>\n\n<h2 class=\"wp-block-heading\">Wichtige Hinweise<\/h2>\n\n<p>Das Widerrufsrecht gilt nur f\u00fcr Verbraucher im Sinne des \u00a7 13 BGB.<\/p>\n\n<p>Unternehmer (\u00a7 14 BGB) haben kein gesetzliches Widerrufsrecht.<\/p>\n<\/div><\/section>","protected":false},"excerpt":{"rendered":"","protected":false},"author":1,"featured_media":0,"parent":0,"menu_order":0,"comment_status":"closed","ping_status":"closed","template":"","meta":{"_acf_changed":false,"_surecart_dashboard_logo_width":"180px","_surecart_dashboard_show_logo":true,"_surecart_dashboard_navigation_orders":true,"_surecart_dashboard_navigation_invoices":true,"_surecart_dashboard_navigation_subscriptions":true,"_surecart_dashboard_navigation_downloads":true,"_surecart_dashboard_navigation_billing":true,"_surecart_dashboard_navigation_account":true,"footnotes":""},"class_list":["post-15176","page","type-page","status-publish","hentry"],"acf":[],"yoast_head":"<!-- This site is optimized with the Yoast SEO plugin v27.0 - https:\/\/yoast.com\/product\/yoast-seo-wordpress\/ -->\n<title>Widerrufsbelehrung - My Digital Journey<\/title>\n<meta name=\"robots\" content=\"noindex, follow, max-snippet:-1, max-image-preview:large, max-video-preview:-1\" \/>\n<meta property=\"og:locale\" content=\"de_DE\" \/>\n<meta property=\"og:type\" content=\"article\" \/>\n<meta property=\"og:title\" content=\"Widerrufsbelehrung - My Digital Journey\" \/>\n<meta property=\"og:url\" content=\"https:\/\/staging1.my-digital-journey.com\/de\/widerrufsbelehrung\/\" \/>\n<meta property=\"og:site_name\" content=\"My Digital Journey\" \/>\n<meta property=\"article:modified_time\" content=\"2026-02-18T16:39:43+00:00\" \/>\n<meta name=\"twitter:card\" content=\"summary_large_image\" \/>\n<meta name=\"twitter:label1\" content=\"Gesch\u00e4tzte Lesezeit\" \/>\n\t<meta name=\"twitter:data1\" content=\"2\u00a0Minuten\" \/>\n<script type=\"application\/ld+json\" class=\"yoast-schema-graph\">{\"@context\":\"https:\/\/schema.org\",\"@graph\":[{\"@type\":\"WebPage\",\"@id\":\"https:\/\/staging1.my-digital-journey.com\/de\/widerrufsbelehrung\/\",\"url\":\"https:\/\/staging1.my-digital-journey.com\/de\/widerrufsbelehrung\/\",\"name\":\"Widerrufsbelehrung - My Digital Journey\",\"isPartOf\":{\"@id\":\"https:\/\/staging1.my-digital-journey.com\/#website\"},\"datePublished\":\"2026-02-18T16:33:55+00:00\",\"dateModified\":\"2026-02-18T16:39:43+00:00\",\"breadcrumb\":{\"@id\":\"https:\/\/staging1.my-digital-journey.com\/de\/widerrufsbelehrung\/#breadcrumb\"},\"inLanguage\":\"de\",\"potentialAction\":[{\"@type\":\"ReadAction\",\"target\":[\"https:\/\/staging1.my-digital-journey.com\/de\/widerrufsbelehrung\/\"]}]},{\"@type\":\"BreadcrumbList\",\"@id\":\"https:\/\/staging1.my-digital-journey.com\/de\/widerrufsbelehrung\/#breadcrumb\",\"itemListElement\":[{\"@type\":\"ListItem\",\"position\":1,\"name\":\"Home\",\"item\":\"https:\/\/staging1.my-digital-journey.com\/de\/\"},{\"@type\":\"ListItem\",\"position\":2,\"name\":\"Widerrufsbelehrung\"}]},{\"@type\":\"WebSite\",\"@id\":\"https:\/\/staging1.my-digital-journey.com\/#website\",\"url\":\"https:\/\/staging1.my-digital-journey.com\/\",\"name\":\"My Digital Journey\",\"description\":\"\",\"publisher\":{\"@id\":\"https:\/\/staging1.my-digital-journey.com\/#organization\"},\"potentialAction\":[{\"@type\":\"SearchAction\",\"target\":{\"@type\":\"EntryPoint\",\"urlTemplate\":\"https:\/\/staging1.my-digital-journey.com\/?s={search_term_string}\"},\"query-input\":{\"@type\":\"PropertyValueSpecification\",\"valueRequired\":true,\"valueName\":\"search_term_string\"}}],\"inLanguage\":\"de\"},{\"@type\":\"Organization\",\"@id\":\"https:\/\/staging1.my-digital-journey.com\/#organization\",\"name\":\"My Digital Journey\",\"url\":\"https:\/\/staging1.my-digital-journey.com\/\",\"logo\":{\"@type\":\"ImageObject\",\"inLanguage\":\"de\",\"@id\":\"https:\/\/staging1.my-digital-journey.com\/#\/schema\/logo\/image\/\",\"url\":\"https:\/\/staging1.my-digital-journey.com\/wp-content\/uploads\/2024\/05\/my-digital-journey-logo.svg\",\"contentUrl\":\"https:\/\/staging1.my-digital-journey.com\/wp-content\/uploads\/2024\/05\/my-digital-journey-logo.svg\",\"width\":1,\"height\":1,\"caption\":\"My Digital Journey\"},\"image\":{\"@id\":\"https:\/\/staging1.my-digital-journey.com\/#\/schema\/logo\/image\/\"}}]}<\/script>\n<!-- \/ Yoast SEO plugin. -->","yoast_head_json":{"title":"Widerrufsbelehrung - My Digital Journey","robots":{"index":"noindex","follow":"follow","max-snippet":"max-snippet:-1","max-image-preview":"max-image-preview:large","max-video-preview":"max-video-preview:-1"},"og_locale":"de_DE","og_type":"article","og_title":"Widerrufsbelehrung - My Digital Journey","og_url":"https:\/\/staging1.my-digital-journey.com\/de\/widerrufsbelehrung\/","og_site_name":"My Digital Journey","article_modified_time":"2026-02-18T16:39:43+00:00","twitter_card":"summary_large_image","twitter_misc":{"Gesch\u00e4tzte Lesezeit":"2\u00a0Minuten"},"schema":{"@context":"https:\/\/schema.org","@graph":[{"@type":"WebPage","@id":"https:\/\/staging1.my-digital-journey.com\/de\/widerrufsbelehrung\/","url":"https:\/\/staging1.my-digital-journey.com\/de\/widerrufsbelehrung\/","name":"Widerrufsbelehrung - My Digital Journey","isPartOf":{"@id":"https:\/\/staging1.my-digital-journey.com\/#website"},"datePublished":"2026-02-18T16:33:55+00:00","dateModified":"2026-02-18T16:39:43+00:00","breadcrumb":{"@id":"https:\/\/staging1.my-digital-journey.com\/de\/widerrufsbelehrung\/#breadcrumb"},"inLanguage":"de","potentialAction":[{"@type":"ReadAction","target":["https:\/\/staging1.my-digital-journey.com\/de\/widerrufsbelehrung\/"]}]},{"@type":"BreadcrumbList","@id":"https:\/\/staging1.my-digital-journey.com\/de\/widerrufsbelehrung\/#breadcrumb","itemListElement":[{"@type":"ListItem","position":1,"name":"Home","item":"https:\/\/staging1.my-digital-journey.com\/de\/"},{"@type":"ListItem","position":2,"name":"Widerrufsbelehrung"}]},{"@type":"WebSite","@id":"https:\/\/staging1.my-digital-journey.com\/#website","url":"https:\/\/staging1.my-digital-journey.com\/","name":"My Digital Journey","description":"","publisher":{"@id":"https:\/\/staging1.my-digital-journey.com\/#organization"},"potentialAction":[{"@type":"SearchAction","target":{"@type":"EntryPoint","urlTemplate":"https:\/\/staging1.my-digital-journey.com\/?s={search_term_string}"},"query-input":{"@type":"PropertyValueSpecification","valueRequired":true,"valueName":"search_term_string"}}],"inLanguage":"de"},{"@type":"Organization","@id":"https:\/\/staging1.my-digital-journey.com\/#organization","name":"My Digital Journey","url":"https:\/\/staging1.my-digital-journey.com\/","logo":{"@type":"ImageObject","inLanguage":"de","@id":"https:\/\/staging1.my-digital-journey.com\/#\/schema\/logo\/image\/","url":"https:\/\/staging1.my-digital-journey.com\/wp-content\/uploads\/2024\/05\/my-digital-journey-logo.svg","contentUrl":"https:\/\/staging1.my-digital-journey.com\/wp-content\/uploads\/2024\/05\/my-digital-journey-logo.svg","width":1,"height":1,"caption":"My Digital Journey"},"image":{"@id":"https:\/\/staging1.my-digital-journey.com\/#\/schema\/logo\/image\/"}}]}},"_links":{"self":[{"href":"https:\/\/staging1.my-digital-journey.com\/de\/wp-json\/wp\/v2\/pages\/15176","targetHints":{"allow":["GET"]}}],"collection":[{"href":"https:\/\/staging1.my-digital-journey.com\/de\/wp-json\/wp\/v2\/pages"}],"about":[{"href":"https:\/\/staging1.my-digital-journey.com\/de\/wp-json\/wp\/v2\/types\/page"}],"author":[{"embeddable":true,"href":"https:\/\/staging1.my-digital-journey.com\/de\/wp-json\/wp\/v2\/users\/1"}],"replies":[{"embeddable":true,"href":"https:\/\/staging1.my-digital-journey.com\/de\/wp-json\/wp\/v2\/comments?post=15176"}],"version-history":[{"count":3,"href":"https:\/\/staging1.my-digital-journey.com\/de\/wp-json\/wp\/v2\/pages\/15176\/revisions"}],"predecessor-version":[{"id":15179,"href":"https:\/\/staging1.my-digital-journey.com\/de\/wp-json\/wp\/v2\/pages\/15176\/revisions\/15179"}],"wp:attachment":[{"href":"https:\/\/staging1.my-digital-journey.com\/de\/wp-json\/wp\/v2\/media?parent=15176"}],"curies":[{"name":"wp","href":"https:\/\/api.w.org\/{rel}","templated":true}]}}